{"id":1733,"date":"2019-01-25T13:53:45","date_gmt":"2019-01-25T13:53:45","guid":{"rendered":"https:\/\/turangrouplojistik.com\/index.php\/contacts\/"},"modified":"2025-01-06T12:06:58","modified_gmt":"2025-01-06T12:06:58","slug":"iletisim","status":"publish","type":"page","link":"https:\/\/turangrouplojistik.com\/index.php\/iletisim\/","title":{"rendered":"\u0130leti\u015fim"},"content":{"rendered":"<div class=\"wpb-content-wrapper\">[vc_row][vc_column]<div class='cws_textmodule cws_vc_shortcode_module' id='cws_textmodule_69e0d2c282d91'><div class='cws_textmodule_wrapper '><div class='cws_textmodule_text text_align_left'><div class='cws_textmodule_titles display_block'><h1 class='cws_textmodule_title'><span>TURAN GROUP LOJ\u0130ST\u0130K<\/span><\/h1><\/div><\/div><\/div><\/div><div class=\"cws_spacing\"><div class=\"cws_spacing cws_spacing_default\" style=\"height:50px;\"><\/div><\/div>[\/vc_column][\/vc_row][vc_row equal_height=&#8221;yes&#8221;][vc_column width=&#8221;1\/2&#8243; css=&#8221;.vc_custom_1549635275930{padding-bottom: 40px !important;padding-left: 40px !important;background-color: #e5e5e5 !important;}&#8221;]<div id='cws_service_item_69e0d2c2831be' class='cws_service_item cws_vc_shortcode_module title_beside style_default a-left v-top'><div class='cws_service_item_wrapper clearfix'><div class='cws_service_info'><h6 class='cws_service_title'>Addres:<\/h6><div class='cws_service_desc clearfix'><p>Cumhuriyet mahallesi yavuz sultan selim caddesi no:17 kat:2 Dilovas\u0131\/Kocaeli<\/p>\n<\/div><\/div><\/div><\/div><div class=\"cws_spacing\"><div class=\"cws_spacing cws_spacing_default\" style=\"height:25px;\"><\/div><\/div><div id='cws_service_item_69e0d2c28345b' class='cws_service_item cws_vc_shortcode_module title_beside style_default a-left v-top'><div class='cws_service_item_wrapper clearfix'><div class='cws_service_info'><h6 class='cws_service_title'>\u0130leti\u015fim:<\/h6><div class='cws_service_desc clearfix'><p>+90 532 527 41 04<\/p>\n<\/div><\/div><\/div><\/div><div class=\"cws_spacing\"><div class=\"cws_spacing cws_spacing_default\" style=\"height:25px;\"><\/div><\/div><div id='cws_service_item_69e0d2c283676' class='cws_service_item cws_vc_shortcode_module title_beside style_default a-left v-top'><div class='cws_service_item_wrapper clearfix'><div class='cws_service_info'><h6 class='cws_service_title'>Mail:<\/h6><div class='cws_service_desc clearfix'><p><a href=\"mailto:info@turangrouplojistik.com\">info@turangrouplojistik.com<\/a><\/p>\n<\/div><\/div><\/div><\/div><div class=\"cws_spacing\"><div class=\"cws_spacing cws_spacing_default\" style=\"height:25px;\"><\/div><\/div><div id='cws_service_item_69e0d2c2838ba' class='cws_service_item cws_vc_shortcode_module title_beside style_default a-left v-top'><div class='cws_service_item_wrapper clearfix'><div class='cws_service_info'><h6 class='cws_service_title'>\u00c7al\u0131\u015fma Saatlerimiz:<\/h6><div class='cws_service_desc clearfix'><p>Pazartesi &#8211; Cuma : 08:30 &#8211; 18:00<br \/>\nCumartesi : 08:30 &#8211; 13:00<\/p>\n<\/div><\/div><\/div><\/div>[\/vc_column][vc_column width=&#8221;1\/2&#8243;][vc_gmaps link=&#8221;#E-8_JTNDaWZyYW1lJTIwc3JjJTNEJTIyaHR0cHMlM0ElMkYlMkZ3d3cuZ29vZ2xlLmNvbSUyRm1hcHMlMkZlbWJlZCUzRnBiJTNEJTIxMW0xOCUyMTFtMTIlMjExbTMlMjExZDMwMjAuODgxNTczNDYzNDI2MyUyMTJkMjkuNTMyMTU2MTc2NDE2NTI4JTIxM2Q0MC43ODY2MTc2MzMwNDM2NyUyMTJtMyUyMTFmMCUyMTJmMCUyMTNmMCUyMTNtMiUyMTFpMTAyNCUyMTJpNzY4JTIxNGYxMy4xJTIxM20zJTIxMW0yJTIxMXMweDE0Y2IyM2JlMTBjYTBlYjklMjUzQTB4NzUxNTQ4NGRlNjUyN2RkNCUyMTJ6VkZWU1FVNGdSMUpQVlZBZ1RFOUt4TEJUVk1Td1N5QkJMc1dlJTIxNWUwJTIxM20yJTIxMXN0ciUyMTJzdHIlMjE0djE3MzM0ODcwNTQ3MjAlMjE1bTIlMjExc3RyJTIxMnN0ciUyMiUyMHdpZHRoJTNEJTIyNjAwJTIyJTIwaGVpZ2h0JTNEJTIyNDUwJTIyJTIwc3R5bGUlM0QlMjJib3JkZXIlM0EwJTNCJTIyJTIwYWxsb3dmdWxsc2NyZWVuJTNEJTIyJTIyJTIwbG9hZGluZyUzRCUyMmxhenklMjIlMjByZWZlcnJlcnBvbGljeSUzRCUyMm5vLXJlZmVycmVyLXdoZW4tZG93bmdyYWRlJTIyJTNFJTNDJTJGaWZyYW1lJTNF&#8221; css=&#8221;&#8221;][\/vc_column][\/vc_row][vc_row][vc_column]<div class=\"cws_spacing\"><div class=\"cws_spacing cws_spacing_default\" style=\"height:100px;\"><\/div><\/div>[\/vc_column][\/vc_row]\n<\/div>","protected":false},"excerpt":{"rendered":"<p>[vc_row][vc_column][\/vc_column][\/vc_row][vc_row equal_height=&#8221;yes&#8221;][vc_column width=&#8221;1\/2&#8243; css=&#8221;.vc_custom_1549635275930{padding-bottom: 40px !important;padding-left: 40px !important;background-color: #e5e5e5 !important;}&#8221;][\/vc_column][vc_column width=&#8221;1\/2&#8243;][vc_gmaps link=&#8221;#E-8_JTNDaWZyYW1lJTIwc3JjJTNEJTIyaHR0cHMlM0ElMkYlMkZ3d3cuZ29vZ2xlLmNvbSUyRm1hcHMlMkZlbWJlZCUzRnBiJTNEJTIxMW0xOCUyMTFtMTIlMjExbTMlMjExZDMwMjAuODgxNTczNDYzNDI2MyUyMTJkMjkuNTMyMTU2MTc2NDE2NTI4JTIxM2Q0MC43ODY2MTc2MzMwNDM2NyUyMTJtMyUyMTFmMCUyMTJmMCUyMTNmMCUyMTNtMiUyMTFpMTAyNCUyMTJpNzY4JTIxNGYxMy4xJTIxM20zJTIxMW0yJTIxMXMweDE0Y2IyM2JlMTBjYTBlYjklMjUzQTB4NzUxNTQ4NGRlNjUyN2RkNCUyMTJ6VkZWU1FVNGdSMUpQVlZBZ1RFOUt4TEJUVk1Td1N5QkJMc1dlJTIxNWUwJTIxM20yJTIxMXN0ciUyMTJzdHIlMjE0djE3MzM0ODcwNTQ3MjAlMjE1bTIlMjExc3RyJTIxMnN0ciUyMiUyMHdpZHRoJTNEJTIyNjAwJTIyJTIwaGVpZ2h0JTNEJTIyNDUwJTIyJTIwc3R5bGUlM0QlMjJib3JkZXIlM0EwJTNCJTIyJTIwYWxsb3dmdWxsc2NyZWVuJTNEJTIyJTIyJTIwbG9hZGluZyUzRCUyMmxhenklMjIlMjByZWZlcnJlcnBvbGljeSUzRCUyMm5vLXJlZmVycmVyLXdoZW4tZG93bmdyYWRlJTIyJTNFJTNDJTJGaWZyYW1lJTNF&#8221; css=&#8221;&#8221;][\/vc_column][\/vc_row][vc_row][vc_column][\/vc_column][\/vc_row]<\/p>\n","protected":false},"author":1,"featured_media":0,"parent":0,"menu_order":0,"comment_status":"closed","ping_status":"closed","template":"","meta":{"footnotes":""},"class_list":["post-1733","page","type-page","status-publish","hentry"],"_links":{"self":[{"href":"https:\/\/turangrouplojistik.com\/index.php\/wp-json\/wp\/v2\/pages\/1733","targetHints":{"allow":["GET"]}}],"collection":[{"href":"https:\/\/turangrouplojistik.com\/index.php\/wp-json\/wp\/v2\/pages"}],"about":[{"href":"https:\/\/turangrouplojistik.com\/index.php\/wp-json\/wp\/v2\/types\/page"}],"author":[{"embeddable":true,"href":"https:\/\/turangrouplojistik.com\/index.php\/wp-json\/wp\/v2\/users\/1"}],"replies":[{"embeddable":true,"href":"https:\/\/turangrouplojistik.com\/index.php\/wp-json\/wp\/v2\/comments?post=1733"}],"version-history":[{"count":5,"href":"https:\/\/turangrouplojistik.com\/index.php\/wp-json\/wp\/v2\/pages\/1733\/revisions"}],"predecessor-version":[{"id":3422,"href":"https:\/\/turangrouplojistik.com\/index.php\/wp-json\/wp\/v2\/pages\/1733\/revisions\/3422"}],"wp:attachment":[{"href":"https:\/\/turangrouplojistik.com\/index.php\/wp-json\/wp\/v2\/media?parent=1733"}],"curies":[{"name":"wp","href":"https:\/\/api.w.org\/{rel}","templated":true}]}}