{"id":1722,"date":"2019-01-25T13:51:14","date_gmt":"2019-01-25T13:51:14","guid":{"rendered":"https:\/\/turangrouplojistik.com\/"},"modified":"2024-12-06T13:21:24","modified_gmt":"2024-12-06T13:21:24","slug":"ship-freight","status":"publish","type":"page","link":"https:\/\/turangrouplojistik.com\/","title":{"rendered":"Ship Freight"},"content":{"rendered":"<div class=\"wpb-content-wrapper\">[vc_row css=&#8221;.vc_custom_1549871292481{margin-top: -180px !important;}&#8221;][vc_column]<div class=\"cws_spacing\"><div class=\"cws_spacing cws_spacing_default\" style=\"height:32px;\"><\/div><\/div>[vc_row_inner][vc_column_inner width=&#8221;1\/3&#8243; css=&#8221;.vc_custom_1550145656211{padding-right: 0px !important;padding-left: 0px !important;}&#8221;]<div id='cws_service_item_69e0b957eab76' class='cws_service_item cws_vc_shortcode_module title_above side_line style_advanced a-left v-top add_hover  vc_custom_1733491192473 active'><div class='cws_service_item_wrapper clearfix'><h6 class='cws_service_title'><span class='service_title_wrapper'>Turan Lojistik<\/span><\/h6><div class='cws_service_info'><div class='cws_service_desc clearfix'><div class='cws_custom_button_wrapper default small'><\/div><\/div><\/div><\/div><\/div>[\/vc_column_inner][vc_column_inner width=&#8221;1\/3&#8243; css=&#8221;.vc_custom_1550145660915{padding-right: 0px !important;padding-left: 0px !important;}&#8221;]<div id='cws_service_item_69e0b957ead99' class='cws_service_item cws_vc_shortcode_module title_above side_line style_advanced a-left v-top add_hover  vc_custom_1733491214591'><div class='cws_service_item_wrapper clearfix'><h6 class='cws_service_title'><span class='service_title_wrapper'>Turan Depolama<\/span><\/h6><div class='cws_service_info'><div class='cws_service_desc clearfix'><div class='cws_custom_button_wrapper default small'><\/div><\/div><\/div><\/div><\/div>[\/vc_column_inner][vc_column_inner width=&#8221;1\/3&#8243; css=&#8221;.vc_custom_1550145665899{padding-right: 0px !important;padding-left: 0px !important;}&#8221;]<div id='cws_service_item_69e0b957eafed' class='cws_service_item cws_vc_shortcode_module title_above style_advanced a-left v-top add_hover  vc_custom_1733489149664'><div class='cws_service_item_wrapper clearfix'><h6 class='cws_service_title'><span class='service_title_wrapper'>Turan G\u00fcmr\u00fckleme<\/span><\/h6><div class='cws_service_info'><div class='cws_service_desc clearfix'><div class='cws_custom_button_wrapper default small'><\/div><\/div><\/div><\/div><\/div>[\/vc_column_inner][\/vc_row_inner]<div class=\"cws_spacing\"><div class=\"cws_spacing cws_spacing_default\" style=\"height:70px;\"><\/div><\/div>[\/vc_column][\/vc_row][vc_row add_layers=&#8221;1&#8243; extra_layer_pos=&#8221;right&#8221; extra_layer_size=&#8221;contain&#8221; extra_layer_position=&#8221;center center&#8221; cws_layer_image=&#8221;3355&#8243; extra_layer_width=&#8221;70%&#8221; extra_layer_height=&#8221;80%&#8221;][vc_column width=&#8221;1\/3&#8243;]<div class=\"cws_spacing\"><div class=\"cws_spacing cws_spacing_default\" style=\"height:100px;\"><\/div><\/div><div class='cws_textmodule cws_vc_shortcode_module' id='cws_textmodule_69e0b957eb1e6'><div class='cws_textmodule_wrapper '><div class='cws_textmodule_text text_align_left'><div class='cws_textmodule_titles display_block'><h1 class='cws_textmodule_title'><span>Turan Group Lojistik<\/span><\/h1><\/div><\/div><\/div><\/div><div class=\"cws_spacing\"><div class=\"cws_spacing cws_spacing_default\" style=\"height:80px;\"><\/div><\/div><div id='cws_service_item_69e0b957eb413' class='cws_service_item cws_vc_shortcode_module title_beside style_toggle a-left v-top add_hover active'><div class='cws_service_item_wrapper clearfix'><span class='cws_service_icon_wrapper cws_service_side'><i class='cws_service_icon flaticon-truck'><\/i><\/span><div class='cws_service_info'><h6 class='cws_service_title'>Turan Group Lojistik Lojistik<\/h6><\/div><\/div><\/div><div class=\"cws_spacing\"><div class=\"cws_spacing cws_spacing_default\" style=\"height:25px;\"><\/div><\/div><div id='cws_service_item_69e0b957eb671' class='cws_service_item cws_vc_shortcode_module title_beside style_toggle a-left v-top add_hover'><div class='cws_service_item_wrapper clearfix'><span class='cws_service_icon_wrapper cws_service_side'><i class='cws_service_icon flaticon-port'><\/i><\/span><div class='cws_service_info'><h6 class='cws_service_title'>Turan Group Lojistik Depolama<\/h6><\/div><\/div><\/div><div class=\"cws_spacing\"><div class=\"cws_spacing cws_spacing_default\" style=\"height:25px;\"><\/div><\/div><div id='cws_service_item_69e0b957eb8cc' class='cws_service_item cws_vc_shortcode_module title_beside style_toggle a-left v-top add_hover'><div class='cws_service_item_wrapper clearfix'><span class='cws_service_icon_wrapper cws_service_side'><i class='cws_service_icon flaticon-employees'><\/i><\/span><div class='cws_service_info'><h6 class='cws_service_title'>Turan Group Lojistik G\u00fcmr\u00fckleme<\/h6><\/div><\/div><\/div><div class=\"cws_spacing cws_spacing_size_sm_desctop-on cws_spacing_tablet-on cws_spacing_mobile-on\"><div class=\"cws_spacing cws_spacing_default\" style=\"height:150px;\"><\/div> <div class=\"cws_spacing cws_spacing_size_sm_desctop\" style=\"height:150px;\"><\/div> <div class=\"cws_spacing cws_spacing_tablet\" style=\"height:150px;\"><\/div> <div class=\"cws_spacing cws_spacing_mobile\" style=\"height:50px;\"><\/div><\/div>[\/vc_column][vc_column width=&#8221;2\/3&#8243;][\/vc_column][\/vc_row][vc_row full_width=&#8221;stretch_row_content_no_spaces&#8221; equal_height=&#8221;yes&#8221; css=&#8221;.vc_custom_1551256204488{background-color: #20a0eb !important;}&#8221;][vc_column width=&#8221;1\/2&#8243; offset=&#8221;vc_col-lg-3&#8243;][vc_single_image image=&#8221;3364&#8243; img_size=&#8221;1200&#215;1200&#8243; alignment=&#8221;center&#8221; css=&#8221;&#8221;][\/vc_column][vc_column width=&#8221;1\/2&#8243; css=&#8221;.vc_custom_1550216002734{padding-right: 60px !important;padding-left: 60px !important;}&#8221; offset=&#8221;vc_col-lg-3&#8243;]<div class=\"cws_spacing cws_spacing_size_sm_desctop-on cws_spacing_tablet-on cws_spacing_mobile-on\"><div class=\"cws_spacing cws_spacing_default\" style=\"height:100px;\"><\/div> <div class=\"cws_spacing cws_spacing_size_sm_desctop\" style=\"height:100px;\"><\/div> <div class=\"cws_spacing cws_spacing_tablet\" style=\"height:30px;\"><\/div> <div class=\"cws_spacing cws_spacing_mobile\" style=\"height:50px;\"><\/div><\/div><div class='cws_textmodule cws_vc_shortcode_module' id='cws_textmodule_69e0b957ebc65'><div class='cws_textmodule_wrapper add_divider divider_style_underline'><div class='cws_textmodule_text text_align_left'><div class='cws_textmodule_titles display_block'><h1 class='cws_textmodule_title'><span>Turan Grup Lojistik<\/span><\/h1><\/div><div class='cws_textmodule_content'><div class='text_content_wrapper'><p>Lojistik s\u00fcre\u00e7lerinizde ihtiya\u00e7 duydu\u011funuz her alanda profesyonel \u00e7\u00f6z\u00fcmler sunmaktad\u0131r. \u00dcr\u00fcnlerinizi do\u011fru zamanda, do\u011fru yerde ve g\u00fcvenle teslim etme anlay\u0131\u015f\u0131yla \u00e7al\u0131\u015f\u0131yoruz.<\/p>\n<\/div><\/div><\/div><\/div><\/div><div class=\"cws_spacing\"><div class=\"cws_spacing cws_spacing_default\" style=\"height:40px;\"><\/div><\/div>[\/vc_column][vc_column width=&#8221;1\/2&#8243; offset=&#8221;vc_col-lg-3&#8243;][vc_single_image image=&#8221;3382&#8243; img_size=&#8221;1200&#215;1200&#8243; alignment=&#8221;center&#8221; css=&#8221;&#8221;][\/vc_column][vc_column width=&#8221;1\/2&#8243; css=&#8221;.vc_custom_1550216017633{padding-right: 60px !important;padding-left: 60px !important;}&#8221; offset=&#8221;vc_col-lg-3&#8243;]<div class=\"cws_spacing cws_spacing_size_sm_desctop-on cws_spacing_tablet-on cws_spacing_mobile-on\"><div class=\"cws_spacing cws_spacing_default\" style=\"height:100px;\"><\/div> <div class=\"cws_spacing cws_spacing_size_sm_desctop\" style=\"height:100px;\"><\/div> <div class=\"cws_spacing cws_spacing_tablet\" style=\"height:30px;\"><\/div> <div class=\"cws_spacing cws_spacing_mobile\" style=\"height:50px;\"><\/div><\/div><div class='cws_textmodule cws_vc_shortcode_module' id='cws_textmodule_69e0b957ebf0a'><div class='cws_textmodule_wrapper add_divider divider_style_underline'><div class='cws_textmodule_text text_align_left'><div class='cws_textmodule_titles display_block'><h1 class='cws_textmodule_title'><span>Turan Grup Depolama<\/span><\/h1><\/div><div class='cws_textmodule_content'><div class='text_content_wrapper'><p>Turan Group Lojistik olarak, m\u00fc\u015fterilerimizin ihtiya\u00e7lar\u0131na uygun <strong>depolama \u00e7\u00f6z\u00fcmleri<\/strong> sunuyoruz. G\u00fcvenli, d\u00fczenli ve verimli depolama alanlar\u0131m\u0131zda, \u00fcr\u00fcnlerinizin en iyi ko\u015fullarda saklanmas\u0131n\u0131 sa\u011fl\u0131yoruz.<\/p>\n<\/div><\/div><\/div><\/div><\/div><div class=\"cws_spacing\"><div class=\"cws_spacing cws_spacing_default\" style=\"height:40px;\"><\/div><\/div>[\/vc_column][\/vc_row][vc_row full_width=&#8221;stretch_row&#8221; equal_height=&#8221;yes&#8221; bg_cws_size=&#8221;contain&#8221; add_layers=&#8221;1&#8243; extra_layer_position=&#8221;center center&#8221; cws_layer_image=&#8221;3358&#8243; extra_layer_width=&#8221;50%&#8221; extra_layer_height=&#8221;100%&#8221;][vc_column width=&#8221;1\/2&#8243;][\/vc_column][vc_column width=&#8221;1\/2&#8243; css=&#8221;.vc_custom_1548687585380{padding-left: 100px !important;}&#8221;]<div class=\"cws_spacing cws_spacing_size_sm_desctop-on cws_spacing_tablet-on cws_spacing_mobile-on\"><div class=\"cws_spacing cws_spacing_default\" style=\"height:110px;\"><\/div> <div class=\"cws_spacing cws_spacing_size_sm_desctop\" style=\"height:110px;\"><\/div> <div class=\"cws_spacing cws_spacing_tablet\" style=\"height:110px;\"><\/div> <div class=\"cws_spacing cws_spacing_mobile\" style=\"height:50px;\"><\/div><\/div><div class='cws_textmodule cws_vc_shortcode_module' id='cws_textmodule_69e0b957ec203'><div class='cws_textmodule_wrapper '><div class='cws_textmodule_text text_align_left'><div class='cws_textmodule_titles display_block'><h1 class='cws_textmodule_title'><span>Biz Kimiz ! <\/span><\/h1><\/div><div class='cws_textmodule_content'><div class='text_content_wrapper'><p>Turan Group Lojistik A.\u015e., lojistik ve ta\u015f\u0131mac\u0131l\u0131k sekt\u00f6r\u00fcnde yenilik\u00e7i ve g\u00fcvenilir hizmetleriyle \u00f6ne \u00e7\u0131kan bir firmad\u0131r. <strong>Kocaeli, \u0130stanbul ve \u0130zmir limanlar\u0131<\/strong> ba\u015fta olmak \u00fczere, T\u00fcrkiye\u2019nin t\u00fcm limanlar\u0131nda <strong>konteyner ta\u015f\u0131mac\u0131l\u0131\u011f\u0131<\/strong>, <strong>a\u011f\u0131r ta\u015f\u0131ma<\/strong>, <strong>ADR\u2019li ta\u015f\u0131mac\u0131l\u0131k<\/strong>, <strong>gensetli ta\u015f\u0131ma<\/strong>, <strong>a\u00e7\u0131k y\u00fck<\/strong> ve <strong>parsiyel hizmetleri<\/strong> sunmaktay\u0131z.<\/p>\n<p><strong>30 ara\u00e7l\u0131k modern filomuz<\/strong> ve <strong>40 ki\u015filik uzman kadromuz<\/strong> ile m\u00fc\u015fterilerimize h\u0131zl\u0131, sorunsuz ve profesyonel hizmet sa\u011fl\u0131yoruz. M\u00fc\u015fterilerimizin lojistik ihtiya\u00e7lar\u0131na \u00f6zel \u00e7\u00f6z\u00fcmler sunarak, operasyonel y\u00fcklerini azaltmay\u0131 ve sekt\u00f6rdeki hedeflerine ula\u015fmalar\u0131n\u0131 desteklemeyi ama\u00e7l\u0131yoruz.<\/p>\n<p>Sekt\u00f6r\u00fcn gerekliliklerini kar\u015f\u0131layan yakla\u015f\u0131m\u0131m\u0131z ve rekabet\u00e7i fiyat politikam\u0131zla, i\u015f ortaklar\u0131m\u0131z i\u00e7in de\u011fer yarat\u0131yor, uzun vadeli i\u015f birliklerini \u00f6nemsiyoruz. <strong>Turan Group<\/strong>, lojistik s\u00fcre\u00e7lerinizi kolayla\u015ft\u0131ran g\u00fcvenilir bir \u00e7\u00f6z\u00fcm orta\u011f\u0131d\u0131r.<\/p>\n<\/div><\/div><\/div><\/div><\/div><div id='cws_divider_69e0b957ec2d4' class='separator-wrapper separator-wrapper_solid'><hr style='height:1px;'><\/div>[\/vc_column][\/vc_row]\n<\/div>","protected":false},"excerpt":{"rendered":"<p>[vc_row css=&#8221;.vc_custom_1549871292481{margin-top: -180px !important;}&#8221;][vc_column][vc_row_inner][vc_column_inner width=&#8221;1\/3&#8243; css=&#8221;.vc_custom_1550145656211{padding-right: 0px !important;padding-left: 0px !important;}&#8221;][\/vc_column_inner][vc_column_inner width=&#8221;1\/3&#8243; css=&#8221;.vc_custom_1550145660915{padding-right: 0px !important;padding-left: 0px !important;}&#8221;][\/vc_column_inner][vc_column_inner width=&#8221;1\/3&#8243; css=&#8221;.vc_custom_1550145665899{padding-right: 0px !important;padding-left: 0px !important;}&#8221;][\/vc_column_inner][\/vc_row_inner][\/vc_column][\/vc_row][vc_row add_layers=&#8221;1&#8243; extra_layer_pos=&#8221;right&#8221; extra_layer_size=&#8221;contain&#8221; extra_layer_position=&#8221;center center&#8221; cws_layer_image=&#8221;3355&#8243; extra_layer_width=&#8221;70%&#8221; extra_layer_height=&#8221;80%&#8221;][vc_column width=&#8221;1\/3&#8243;][\/vc_column][vc_column width=&#8221;2\/3&#8243;][\/vc_column][\/vc_row][vc_row full_width=&#8221;stretch_row_content_no_spaces&#8221; equal_height=&#8221;yes&#8221; css=&#8221;.vc_custom_1551256204488{background-color: #20a0eb !important;}&#8221;][vc_column width=&#8221;1\/2&#8243; offset=&#8221;vc_col-lg-3&#8243;][vc_single_image image=&#8221;3364&#8243; img_size=&#8221;1200&#215;1200&#8243; alignment=&#8221;center&#8221; css=&#8221;&#8221;][\/vc_column][vc_column width=&#8221;1\/2&#8243; css=&#8221;.vc_custom_1550216002734{padding-right: 60px !important;padding-left: 60px !important;}&#8221; offset=&#8221;vc_col-lg-3&#8243;][\/vc_column][vc_column width=&#8221;1\/2&#8243; offset=&#8221;vc_col-lg-3&#8243;][vc_single_image image=&#8221;3382&#8243; img_size=&#8221;1200&#215;1200&#8243; alignment=&#8221;center&#8221; css=&#8221;&#8221;][\/vc_column][vc_column width=&#8221;1\/2&#8243; css=&#8221;.vc_custom_1550216017633{padding-right: 60px !important;padding-left: 60px !important;}&#8221; offset=&#8221;vc_col-lg-3&#8243;][\/vc_column][\/vc_row][vc_row full_width=&#8221;stretch_row&#8221; equal_height=&#8221;yes&#8221; bg_cws_size=&#8221;contain&#8221; add_layers=&#8221;1&#8243; extra_layer_position=&#8221;center center&#8221; cws_layer_image=&#8221;3358&#8243; extra_layer_width=&#8221;50%&#8221; extra_layer_height=&#8221;100%&#8221;][vc_column width=&#8221;1\/2&#8243;][\/vc_column][vc_column width=&#8221;1\/2&#8243; css=&#8221;.vc_custom_1548687585380{padding-left: 100px !important;}&#8221;][\/vc_column][\/vc_row]<\/p>\n","protected":false},"author":1,"featured_media":0,"parent":0,"menu_order":0,"comment_status":"closed","ping_status":"closed","template":"","meta":{"footnotes":""},"class_list":["post-1722","page","type-page","status-publish","hentry"],"_links":{"self":[{"href":"https:\/\/turangrouplojistik.com\/index.php\/wp-json\/wp\/v2\/pages\/1722","targetHints":{"allow":["GET"]}}],"collection":[{"href":"https:\/\/turangrouplojistik.com\/index.php\/wp-json\/wp\/v2\/pages"}],"about":[{"href":"https:\/\/turangrouplojistik.com\/index.php\/wp-json\/wp\/v2\/types\/page"}],"author":[{"embeddable":true,"href":"https:\/\/turangrouplojistik.com\/index.php\/wp-json\/wp\/v2\/users\/1"}],"replies":[{"embeddable":true,"href":"https:\/\/turangrouplojistik.com\/index.php\/wp-json\/wp\/v2\/comments?post=1722"}],"version-history":[{"count":8,"href":"https:\/\/turangrouplojistik.com\/index.php\/wp-json\/wp\/v2\/pages\/1722\/revisions"}],"predecessor-version":[{"id":3386,"href":"https:\/\/turangrouplojistik.com\/index.php\/wp-json\/wp\/v2\/pages\/1722\/revisions\/3386"}],"wp:attachment":[{"href":"https:\/\/turangrouplojistik.com\/index.php\/wp-json\/wp\/v2\/media?parent=1722"}],"curies":[{"name":"wp","href":"https:\/\/api.w.org\/{rel}","templated":true}]}}