{"id":1354,"date":"2019-01-22T11:31:28","date_gmt":"2019-01-22T11:31:28","guid":{"rendered":"https:\/\/turangrouplojistik.com\/index.php\/our-services\/"},"modified":"2024-12-06T13:29:40","modified_gmt":"2024-12-06T13:29:40","slug":"hizmetlerimiz","status":"publish","type":"page","link":"https:\/\/turangrouplojistik.com\/index.php\/hizmetlerimiz\/","title":{"rendered":"Hizmetlerimiz"},"content":{"rendered":"<div class=\"wpb-content-wrapper\">[vc_row][vc_column width=&#8221;1\/4&#8243;]<div class='cws_textmodule cws_vc_shortcode_module' id='cws_textmodule_69e0d0f0f0599'><div class='cws_textmodule_wrapper '><div class='cws_textmodule_text text_align_left'><div class='cws_textmodule_titles display_inline-block'><h2 class='cws_textmodule_title'><span>&nbsp;Hizmetlerimiz<\/span><\/h2><\/div><\/div><\/div><\/div>[\/vc_column][vc_column width=&#8221;3\/4&#8243; css=&#8221;.vc_custom_1548157427634{padding-right: 100px !important;}&#8221;][\/vc_column][\/vc_row][vc_row][vc_column]<div class=\"cws_spacing cws_spacing_size_sm_desctop-on cws_spacing_tablet-on cws_spacing_mobile-on\"><div class=\"cws_spacing cws_spacing_default\" style=\"height:20px;\"><\/div> <div class=\"cws_spacing cws_spacing_size_sm_desctop\" style=\"height:100px;\"><\/div> <div class=\"cws_spacing cws_spacing_tablet\" style=\"height:50px;\"><\/div> <div class=\"cws_spacing cws_spacing_mobile\" style=\"height:50px;\"><\/div><\/div>[vc_row_inner][vc_column_inner]<section id='cws_portfolio_posts_grid_69e0d0f0f08d7' class='posts_grid cws_portfolio_posts_grid cws_portfolio_posts_grid posts_grid_3 posts_grid_grid remove_spacing meta_show simple_filter render_styles ' data-style='&quot;&quot;' data-col='3'><div class='cws_vc_shortcode_wrapper'><div class='cws_vc_shortcode_grid'><div class='grid-sizer'><\/div><article id='post_post_69e0d0f0f1e19' class='no_tax item portfolio_item_post portfolio_item_grid_post item clearfix under_img add_title_divider appear_style with_link_wrapper hover_none'   ><a href='https:\/\/turangrouplojistik.com\/index.php\/portfolio\/gumrukleme\/' class='wrap_link'><\/a><div class='item_content'><div class='post_media post_post_media post_posts_grid_post_media'><div class='pic'><img src='https:\/\/turangrouplojistik.com\/wp-content\/uploads\/2019\/01\/gumrukleme_017201150_3413.jpg' data-at2x='https:\/\/turangrouplojistik.com\/wp-content\/uploads\/2019\/01\/gumrukleme_017201150_3413@2x.jpg'  alt='gumrukleme' \/><\/div><\/div><div class='under_image_portfolio'><h3 class='cws_portfolio_post_title post_title text_alignleft'><a href='https:\/\/turangrouplojistik.com\/index.php\/portfolio\/gumrukleme\/'>G\u00fcmr\u00fckleme<\/a><\/h3><\/div><\/div><\/article><article id='post_post_69e0d0f0f2596' class='no_tax item portfolio_item_post portfolio_item_grid_post item clearfix under_img add_title_divider appear_style with_link_wrapper hover_none'   ><a href='https:\/\/turangrouplojistik.com\/index.php\/portfolio\/depolama\/' class='wrap_link'><\/a><div class='item_content'><div class='post_media post_post_media post_posts_grid_post_media'><div class='pic'><img src='https:\/\/turangrouplojistik.com\/wp-content\/uploads\/2019\/01\/polama-1-1_017201150_3416.jpg' data-at2x='https:\/\/turangrouplojistik.com\/wp-content\/uploads\/2019\/01\/polama-1-1_017201150_3416@2x.jpg'  alt='polama-' \/><\/div><\/div><div class='under_image_portfolio'><h3 class='cws_portfolio_post_title post_title text_alignleft'><a href='https:\/\/turangrouplojistik.com\/index.php\/portfolio\/depolama\/'>Depolama<\/a><\/h3><\/div><\/div><\/article><article id='post_post_69e0d0f0f2ad2' class='no_tax item portfolio_item_post portfolio_item_grid_post item clearfix under_img add_title_divider appear_style with_link_wrapper hover_none'   ><a href='https:\/\/turangrouplojistik.com\/index.php\/portfolio\/lojistik\/' class='wrap_link'><\/a><div class='item_content'><div class='post_media post_post_media post_posts_grid_post_media'><div class='pic'><img src='https:\/\/turangrouplojistik.com\/wp-content\/uploads\/2019\/01\/WhatsApp-Gorsel-2024-11-16-saat-15.51.57_a413ff74-1_017201150_3417.jpg' data-at2x='https:\/\/turangrouplojistik.com\/wp-content\/uploads\/2019\/01\/WhatsApp-Gorsel-2024-11-16-saat-15.51.57_a413ff74-1_017201150_3417@2x.jpg'  alt='WhatsApp-Gorsel-2024-11-16-saat-15.51.57_a413ff74' \/><\/div><\/div><div class='under_image_portfolio'><h3 class='cws_portfolio_post_title post_title text_alignleft'><a href='https:\/\/turangrouplojistik.com\/index.php\/portfolio\/lojistik\/'>Lojistik<\/a><\/h3><\/div><\/div><\/article><\/div><\/div><\/section>[\/vc_column_inner][\/vc_row_inner][\/vc_column][\/vc_row]\n<\/div>","protected":false},"excerpt":{"rendered":"Turan Group Lojistik HizmetleriTuran Group Lojistik A.\u015e. olarak, ta\u015f\u0131mac\u0131l\u0131k ve lojistik alan\u0131nda geni\u015f kapsaml\u0131 \u00e7\u00f6z\u00fcmler sunmaktay\u0131z. T\u00fcrkiye\u2019nin t\u00fcm b\u00f6lgelerine hizmet verebilen g\u00fc\u00e7l\u00fc altyap\u0131m\u0131z ve uzman ekibimizle, lojistik s\u00fcre\u00e7lerinizi g\u00fcvenilir ve verimli bir \u015fekilde y\u00f6netiyoruz. Hizmetlerimiz aras\u0131nda: Konteyner ta\u015f\u0131mac\u0131l\u0131\u011f\u0131 (20&#8217;lik, 40&#8217;l\u0131k, 45&#8217;lik), A\u011f\u0131r y\u00fck ta\u015f\u0131mac\u0131l\u0131\u011f\u0131, ADR\u2019li ta\u015f\u0131mac\u0131l\u0131k, Gensetli ta\u015f\u0131ma, A\u00e7\u0131k y\u00fck ta\u015f\u0131mac\u0131l\u0131\u011f\u0131, Parsiyel ta\u015f\u0131ma gibi farkl\u0131 ihtiya\u00e7lara uygun \u00e7\u00f6z\u00fcmler yer almaktad\u0131r. 30 ara\u00e7l\u0131k modern filomuz ve uzman kadromuz, lojistik operasyonlar\u0131n\u0131z\u0131n her a\u015famas\u0131nda sorunsuz bir deneyim sunar. M\u00fc\u015fterilerimize rekabet\u00e7i fiyatlar, h\u0131zl\u0131 teslimat ve profesyonel hizmet anlay\u0131\u015f\u0131 ile de\u011fer katmay\u0131 hedefliyoruz. Turan Group Lojistik, lojistikte g\u00fcvenilir bir \u00e7\u00f6z\u00fcm orta\u011f\u0131d\u0131r. \u0130\u015f s\u00fcre\u00e7lerinizi kolayla\u015ft\u0131rmak ve sekt\u00f6r\u00fcn\u00fczde rekabet g\u00fcc\u00fcn\u00fcz\u00fc art\u0131rmak i\u00e7in yan\u0131n\u0131zday\u0131z.","protected":false},"author":1,"featured_media":0,"parent":0,"menu_order":0,"comment_status":"closed","ping_status":"closed","template":"","meta":{"footnotes":""},"class_list":["post-1354","page","type-page","status-publish","hentry"],"_links":{"self":[{"href":"https:\/\/turangrouplojistik.com\/index.php\/wp-json\/wp\/v2\/pages\/1354","targetHints":{"allow":["GET"]}}],"collection":[{"href":"https:\/\/turangrouplojistik.com\/index.php\/wp-json\/wp\/v2\/pages"}],"about":[{"href":"https:\/\/turangrouplojistik.com\/index.php\/wp-json\/wp\/v2\/types\/page"}],"author":[{"embeddable":true,"href":"https:\/\/turangrouplojistik.com\/index.php\/wp-json\/wp\/v2\/users\/1"}],"replies":[{"embeddable":true,"href":"https:\/\/turangrouplojistik.com\/index.php\/wp-json\/wp\/v2\/comments?post=1354"}],"version-history":[{"count":4,"href":"https:\/\/turangrouplojistik.com\/index.php\/wp-json\/wp\/v2\/pages\/1354\/revisions"}],"predecessor-version":[{"id":3418,"href":"https:\/\/turangrouplojistik.com\/index.php\/wp-json\/wp\/v2\/pages\/1354\/revisions\/3418"}],"wp:attachment":[{"href":"https:\/\/turangrouplojistik.com\/index.php\/wp-json\/wp\/v2\/media?parent=1354"}],"curies":[{"name":"wp","href":"https:\/\/api.w.org\/{rel}","templated":true}]}}