{"id":1231,"date":"2019-01-21T08:37:06","date_gmt":"2019-01-21T08:37:06","guid":{"rendered":"https:\/\/turangrouplojistik.com\/index.php\/about-us\/"},"modified":"2024-12-06T13:00:06","modified_gmt":"2024-12-06T13:00:06","slug":"about-us","status":"publish","type":"page","link":"https:\/\/turangrouplojistik.com\/index.php\/about-us\/","title":{"rendered":"Hakk\u0131m\u0131zda"},"content":{"rendered":"<div class=\"wpb-content-wrapper\">[vc_row equal_height=&#8221;yes&#8221; css=&#8221;.vc_custom_1548062129681{padding-bottom: 100px !important;}&#8221;][vc_column width=&#8221;1\/2&#8243; css=&#8221;.vc_custom_1548138423636{padding-right: 75px !important;}&#8221;]<div class=\"cws_spacing cws_spacing_size_sm_desctop-on cws_spacing_tablet-on cws_spacing_mobile-on\"><div class=\"cws_spacing cws_spacing_default\" style=\"height:90px;\"><\/div> <div class=\"cws_spacing cws_spacing_size_sm_desctop\" style=\"height:90px;\"><\/div> <div class=\"cws_spacing cws_spacing_tablet\" style=\"height:50px;\"><\/div> <div class=\"cws_spacing cws_spacing_mobile\" style=\"height:0px;\"><\/div><\/div><div class='cws_textmodule cws_vc_shortcode_module' id='cws_textmodule_69e35c966adec'><div class='cws_textmodule_wrapper '><div class='cws_textmodule_text text_align_left'><div class='cws_textmodule_titles display_block'><h1 class='cws_textmodule_title'><span>Hakk\u0131m\u0131zda<\/span><\/h1><\/div><div class='cws_textmodule_content'><div class='text_content_wrapper'><p>Turan Group Lojistik A.\u015e. olarak, T\u00fcrkiye\u2019nin lider lojistik firmalar\u0131ndan biri olman\u0131n gururunu ya\u015f\u0131yoruz. <strong>Kocaeli, \u0130stanbul ve \u0130zmir limanlar\u0131<\/strong> ba\u015fta olmak \u00fczere, \u00fclkemizin t\u00fcm limanlar\u0131nda <strong>konteyner ta\u015f\u0131mac\u0131l\u0131\u011f\u0131<\/strong> (20&#8217;lik\/40&#8217;l\u0131k\/45&#8217;lik), <strong>a\u011f\u0131r ta\u015f\u0131ma<\/strong>, <strong>ADR\u2019li ta\u015f\u0131mac\u0131l\u0131k<\/strong>, <strong>gensetli ta\u015f\u0131mac\u0131l\u0131k<\/strong>, <strong>a\u00e7\u0131k y\u00fck ta\u015f\u0131mac\u0131l\u0131\u011f\u0131<\/strong> ve <strong>parsiyel hizmetleri<\/strong> sunmaktay\u0131z.<\/p>\n<p><strong>30 adet \u00f6zmal ara\u00e7<\/strong> filomuz ve <strong>40 ki\u015filik uzman kadromuz<\/strong> ile m\u00fc\u015fterilerimize, <strong>anl\u0131k bilgi ak\u0131\u015f\u0131<\/strong> ile sorunsuz, profesyonel ve g\u00fcvenilir bir hizmet sunuyoruz. Sekt\u00f6r\u00fcn gereksinimlerini kar\u015f\u0131layan ve m\u00fc\u015fterilerimizin yat\u0131r\u0131m harcamas\u0131 yapmadan ihtiya\u00e7lar\u0131na \u00e7\u00f6z\u00fcm \u00fcreten <strong>optimum lojistik \u00e7\u00f6z\u00fcmlerimiz<\/strong>, g\u00fc\u00e7l\u00fc insan ve finansal kaynaklar\u0131m\u0131zla desteklenmektedir.<\/p>\n<p>Turan Group Lojistik, T\u00fcrkiye\u2019nin her noktas\u0131na hizmet verme kapasitesine sahip olup, <strong>rekabet\u00e7i fiyatlar<\/strong> ile m\u00fc\u015fterilerimizin taleplerine en iyi \u015fekilde yan\u0131t vermeyi hedeflemektedir. Sekt\u00f6rdeki tecr\u00fcbemiz ve yenilik\u00e7i yakla\u015f\u0131m\u0131m\u0131zla, uzun vadeli i\u015f birlikleri kurarak m\u00fc\u015fterilerimize de\u011fer katmay\u0131 ama\u00e7l\u0131yoruz.<\/p>\n<p>Siz de\u011ferli i\u015f ortaklar\u0131m\u0131z\u0131n taleplerini kar\u015f\u0131lamak ve ihtiya\u00e7lar\u0131n\u0131za y\u00f6nelik en uygun \u00e7\u00f6z\u00fcmleri sunmak i\u00e7in her zaman haz\u0131r\u0131z. \u0130\u015f birli\u011fimizin uzun soluklu ve verimli olmas\u0131n\u0131 temenni ederiz.<\/p>\n<\/div><\/div><\/div><\/div><\/div><div class=\"cws_spacing cws_spacing_size_sm_desctop-on cws_spacing_tablet-on cws_spacing_mobile-on\"><div class=\"cws_spacing cws_spacing_default\" style=\"height:40px;\"><\/div> <div class=\"cws_spacing cws_spacing_size_sm_desctop\" style=\"height:40px;\"><\/div> <div class=\"cws_spacing cws_spacing_tablet\" style=\"height:40px;\"><\/div> <div class=\"cws_spacing cws_spacing_mobile\" style=\"height:40px;\"><\/div><\/div>[\/vc_column][vc_column width=&#8221;1\/2&#8243;][vc_column_text css=&#8221;&#8221;]<img loading=\"lazy\" decoding=\"async\" class=\"alignnone wp-image-3378 size-large\" src=\"https:\/\/turangrouplojistik.com\/wp-content\/uploads\/2024\/12\/turan1.fw_-1-1010x1024.png\" alt=\"\" width=\"1010\" height=\"1024\" srcset=\"https:\/\/turangrouplojistik.com\/wp-content\/uploads\/2024\/12\/turan1.fw_-1-1010x1024.png 1010w, https:\/\/turangrouplojistik.com\/wp-content\/uploads\/2024\/12\/turan1.fw_-1-296x300.png 296w, https:\/\/turangrouplojistik.com\/wp-content\/uploads\/2024\/12\/turan1.fw_-1-768x779.png 768w, https:\/\/turangrouplojistik.com\/wp-content\/uploads\/2024\/12\/turan1.fw_-1.png 1397w\" sizes=\"auto, (max-width: 1010px) 100vw, 1010px\" \/>[\/vc_column_text][\/vc_column][\/vc_row]\n<\/div>","protected":false},"excerpt":{"rendered":"<p>[vc_row equal_height=&#8221;yes&#8221; css=&#8221;.vc_custom_1548062129681{padding-bottom: 100px !important;}&#8221;][vc_column width=&#8221;1\/2&#8243; css=&#8221;.vc_custom_1548138423636{padding-right: 75px !important;}&#8221;][\/vc_column][vc_column width=&#8221;1\/2&#8243;][vc_column_text css=&#8221;&#8221;][\/vc_column_text][\/vc_column][\/vc_row]<\/p>\n","protected":false},"author":1,"featured_media":0,"parent":0,"menu_order":0,"comment_status":"closed","ping_status":"closed","template":"","meta":{"footnotes":""},"class_list":["post-1231","page","type-page","status-publish","hentry"],"_links":{"self":[{"href":"https:\/\/turangrouplojistik.com\/index.php\/wp-json\/wp\/v2\/pages\/1231","targetHints":{"allow":["GET"]}}],"collection":[{"href":"https:\/\/turangrouplojistik.com\/index.php\/wp-json\/wp\/v2\/pages"}],"about":[{"href":"https:\/\/turangrouplojistik.com\/index.php\/wp-json\/wp\/v2\/types\/page"}],"author":[{"embeddable":true,"href":"https:\/\/turangrouplojistik.com\/index.php\/wp-json\/wp\/v2\/users\/1"}],"replies":[{"embeddable":true,"href":"https:\/\/turangrouplojistik.com\/index.php\/wp-json\/wp\/v2\/comments?post=1231"}],"version-history":[{"count":2,"href":"https:\/\/turangrouplojistik.com\/index.php\/wp-json\/wp\/v2\/pages\/1231\/revisions"}],"predecessor-version":[{"id":3379,"href":"https:\/\/turangrouplojistik.com\/index.php\/wp-json\/wp\/v2\/pages\/1231\/revisions\/3379"}],"wp:attachment":[{"href":"https:\/\/turangrouplojistik.com\/index.php\/wp-json\/wp\/v2\/media?parent=1231"}],"curies":[{"name":"wp","href":"https:\/\/api.w.org\/{rel}","templated":true}]}}